{"id":149,"date":"2025-12-18T15:57:16","date_gmt":"2025-12-18T15:57:16","guid":{"rendered":"https:\/\/catalinparva.ro\/?page_id=149"},"modified":"2026-01-09T12:47:10","modified_gmt":"2026-01-09T12:47:10","slug":"cazuri-clinice","status":"publish","type":"page","link":"https:\/\/catalinparva.ro\/?page_id=149","title":{"rendered":"Cazuri clinice"},"content":{"rendered":"<div class=\"wpb-content-wrapper\"><p>[vc_row][vc_column][vc_column_text]<\/p>\n<h1>Cazuri clinice<\/h1>\n<p>[\/vc_column_text][\/vc_column][\/vc_row][vc_row][vc_column][vc_basic_grid post_type=&#8221;post&#8221; max_items=&#8221;&#8221; item=&#8221;152&#8243; css=&#8221;&#8221; grid_id=&#8221;vc_gid:1766073669816-d2167e0d-dae3-10&#8243;][\/vc_column][\/vc_row]<\/p>\n<\/div>","protected":false},"excerpt":{"rendered":"<p>[vc_row][vc_column][vc_column_text] Cazuri clinice [\/vc_column_text][\/vc_column][\/vc_row][vc_row][vc_column][vc_basic_grid post_type=&#8221;post&#8221; max_items=&#8221;&#8221; item=&#8221;152&#8243; css=&#8221;&#8221; grid_id=&#8221;vc_gid:1766073669816-d2167e0d-dae3-10&#8243;][\/vc_column][\/vc_row]<\/p>\n","protected":false},"author":1,"featured_media":0,"parent":0,"menu_order":0,"comment_status":"closed","ping_status":"closed","template":"","meta":{"footnotes":""},"class_list":["post-149","page","type-page","status-publish","hentry"],"yoast_head":"<!-- This site is optimized with the Yoast SEO plugin v26.6 - https:\/\/yoast.com\/wordpress\/plugins\/seo\/ -->\n<title>Cazuri clinice - Dr. C\u0103t\u0103lin P\u00e2rva<\/title>\n<meta name=\"description\" content=\"Cazuri clinice Dr. C\u0103t\u0103lin P\u00e2rva - protetic\u0103 dentar\u0103, fa\u021bete \u0219i coroane integral ceramice, \u00eenlocuiri lucr\u0103ri pentru z\u00e2mbet natural.\" \/>\n<meta name=\"robots\" content=\"index, follow, max-snippet:-1, max-image-preview:large, max-video-preview:-1\" \/>\n<link rel=\"canonical\" href=\"https:\/\/catalinparva.ro\/?page_id=149\" \/>\n<meta property=\"og:locale\" content=\"ro_RO\" \/>\n<meta property=\"og:type\" content=\"article\" \/>\n<meta property=\"og:title\" content=\"Cazuri clinice - Dr. C\u0103t\u0103lin P\u00e2rva\" \/>\n<meta property=\"og:description\" content=\"Cazuri clinice Dr. C\u0103t\u0103lin P\u00e2rva - protetic\u0103 dentar\u0103, fa\u021bete \u0219i coroane integral ceramice, \u00eenlocuiri lucr\u0103ri pentru z\u00e2mbet natural.\" \/>\n<meta property=\"og:url\" content=\"https:\/\/catalinparva.ro\/?page_id=149\" \/>\n<meta property=\"og:site_name\" content=\"Dr. C\u0103t\u0103lin P\u00e2rva\" \/>\n<meta property=\"article:modified_time\" content=\"2026-01-09T12:47:10+00:00\" \/>\n<meta name=\"twitter:card\" content=\"summary_large_image\" \/>\n<meta name=\"twitter:label1\" content=\"Timp estimat pentru citire\" \/>\n\t<meta name=\"twitter:data1\" content=\"1 minut\" \/>\n<script type=\"application\/ld+json\" class=\"yoast-schema-graph\">{\"@context\":\"https:\/\/schema.org\",\"@graph\":[{\"@type\":\"WebPage\",\"@id\":\"https:\/\/catalinparva.ro\/?page_id=149\",\"url\":\"https:\/\/catalinparva.ro\/?page_id=149\",\"name\":\"Cazuri clinice - Dr. C\u0103t\u0103lin P\u00e2rva\",\"isPartOf\":{\"@id\":\"https:\/\/catalinparva.ro\/#website\"},\"datePublished\":\"2025-12-18T15:57:16+00:00\",\"dateModified\":\"2026-01-09T12:47:10+00:00\",\"description\":\"Cazuri clinice Dr. C\u0103t\u0103lin P\u00e2rva - protetic\u0103 dentar\u0103, fa\u021bete \u0219i coroane integral ceramice, \u00eenlocuiri lucr\u0103ri pentru z\u00e2mbet natural.\",\"breadcrumb\":{\"@id\":\"https:\/\/catalinparva.ro\/?page_id=149#breadcrumb\"},\"inLanguage\":\"ro-RO\",\"potentialAction\":[{\"@type\":\"ReadAction\",\"target\":[\"https:\/\/catalinparva.ro\/?page_id=149\"]}]},{\"@type\":\"BreadcrumbList\",\"@id\":\"https:\/\/catalinparva.ro\/?page_id=149#breadcrumb\",\"itemListElement\":[{\"@type\":\"ListItem\",\"position\":1,\"name\":\"Prima pagin\u0103\",\"item\":\"https:\/\/catalinparva.ro\/\"},{\"@type\":\"ListItem\",\"position\":2,\"name\":\"Cazuri clinice\"}]},{\"@type\":\"WebSite\",\"@id\":\"https:\/\/catalinparva.ro\/#website\",\"url\":\"https:\/\/catalinparva.ro\/\",\"name\":\"Dr. C\u0103t\u0103lin P\u00e2rva\",\"description\":\"Protetica\",\"publisher\":{\"@id\":\"https:\/\/catalinparva.ro\/#organization\"},\"potentialAction\":[{\"@type\":\"SearchAction\",\"target\":{\"@type\":\"EntryPoint\",\"urlTemplate\":\"https:\/\/catalinparva.ro\/?s={search_term_string}\"},\"query-input\":{\"@type\":\"PropertyValueSpecification\",\"valueRequired\":true,\"valueName\":\"search_term_string\"}}],\"inLanguage\":\"ro-RO\"},{\"@type\":\"Organization\",\"@id\":\"https:\/\/catalinparva.ro\/#organization\",\"name\":\"Dr. C\u0103t\u0103lin P\u00e2rva\",\"url\":\"https:\/\/catalinparva.ro\/\",\"logo\":{\"@type\":\"ImageObject\",\"inLanguage\":\"ro-RO\",\"@id\":\"https:\/\/catalinparva.ro\/#\/schema\/logo\/image\/\",\"url\":\"https:\/\/catalinparva.ro\/wp-content\/uploads\/2025\/12\/cropped-dr-catalin-parva.webp\",\"contentUrl\":\"https:\/\/catalinparva.ro\/wp-content\/uploads\/2025\/12\/cropped-dr-catalin-parva.webp\",\"width\":512,\"height\":512,\"caption\":\"Dr. C\u0103t\u0103lin P\u00e2rva\"},\"image\":{\"@id\":\"https:\/\/catalinparva.ro\/#\/schema\/logo\/image\/\"}}]}<\/script>\n<!-- \/ Yoast SEO plugin. -->","yoast_head_json":{"title":"Cazuri clinice - Dr. C\u0103t\u0103lin P\u00e2rva","description":"Cazuri clinice Dr. C\u0103t\u0103lin P\u00e2rva - protetic\u0103 dentar\u0103, fa\u021bete \u0219i coroane integral ceramice, \u00eenlocuiri lucr\u0103ri pentru z\u00e2mbet natural.","robots":{"index":"index","follow":"follow","max-snippet":"max-snippet:-1","max-image-preview":"max-image-preview:large","max-video-preview":"max-video-preview:-1"},"canonical":"https:\/\/catalinparva.ro\/?page_id=149","og_locale":"ro_RO","og_type":"article","og_title":"Cazuri clinice - Dr. C\u0103t\u0103lin P\u00e2rva","og_description":"Cazuri clinice Dr. C\u0103t\u0103lin P\u00e2rva - protetic\u0103 dentar\u0103, fa\u021bete \u0219i coroane integral ceramice, \u00eenlocuiri lucr\u0103ri pentru z\u00e2mbet natural.","og_url":"https:\/\/catalinparva.ro\/?page_id=149","og_site_name":"Dr. C\u0103t\u0103lin P\u00e2rva","article_modified_time":"2026-01-09T12:47:10+00:00","twitter_card":"summary_large_image","twitter_misc":{"Timp estimat pentru citire":"1 minut"},"schema":{"@context":"https:\/\/schema.org","@graph":[{"@type":"WebPage","@id":"https:\/\/catalinparva.ro\/?page_id=149","url":"https:\/\/catalinparva.ro\/?page_id=149","name":"Cazuri clinice - Dr. C\u0103t\u0103lin P\u00e2rva","isPartOf":{"@id":"https:\/\/catalinparva.ro\/#website"},"datePublished":"2025-12-18T15:57:16+00:00","dateModified":"2026-01-09T12:47:10+00:00","description":"Cazuri clinice Dr. C\u0103t\u0103lin P\u00e2rva - protetic\u0103 dentar\u0103, fa\u021bete \u0219i coroane integral ceramice, \u00eenlocuiri lucr\u0103ri pentru z\u00e2mbet natural.","breadcrumb":{"@id":"https:\/\/catalinparva.ro\/?page_id=149#breadcrumb"},"inLanguage":"ro-RO","potentialAction":[{"@type":"ReadAction","target":["https:\/\/catalinparva.ro\/?page_id=149"]}]},{"@type":"BreadcrumbList","@id":"https:\/\/catalinparva.ro\/?page_id=149#breadcrumb","itemListElement":[{"@type":"ListItem","position":1,"name":"Prima pagin\u0103","item":"https:\/\/catalinparva.ro\/"},{"@type":"ListItem","position":2,"name":"Cazuri clinice"}]},{"@type":"WebSite","@id":"https:\/\/catalinparva.ro\/#website","url":"https:\/\/catalinparva.ro\/","name":"Dr. C\u0103t\u0103lin P\u00e2rva","description":"Protetica","publisher":{"@id":"https:\/\/catalinparva.ro\/#organization"},"potentialAction":[{"@type":"SearchAction","target":{"@type":"EntryPoint","urlTemplate":"https:\/\/catalinparva.ro\/?s={search_term_string}"},"query-input":{"@type":"PropertyValueSpecification","valueRequired":true,"valueName":"search_term_string"}}],"inLanguage":"ro-RO"},{"@type":"Organization","@id":"https:\/\/catalinparva.ro\/#organization","name":"Dr. C\u0103t\u0103lin P\u00e2rva","url":"https:\/\/catalinparva.ro\/","logo":{"@type":"ImageObject","inLanguage":"ro-RO","@id":"https:\/\/catalinparva.ro\/#\/schema\/logo\/image\/","url":"https:\/\/catalinparva.ro\/wp-content\/uploads\/2025\/12\/cropped-dr-catalin-parva.webp","contentUrl":"https:\/\/catalinparva.ro\/wp-content\/uploads\/2025\/12\/cropped-dr-catalin-parva.webp","width":512,"height":512,"caption":"Dr. C\u0103t\u0103lin P\u00e2rva"},"image":{"@id":"https:\/\/catalinparva.ro\/#\/schema\/logo\/image\/"}}]}},"_links":{"self":[{"href":"https:\/\/catalinparva.ro\/index.php?rest_route=\/wp\/v2\/pages\/149","targetHints":{"allow":["GET"]}}],"collection":[{"href":"https:\/\/catalinparva.ro\/index.php?rest_route=\/wp\/v2\/pages"}],"about":[{"href":"https:\/\/catalinparva.ro\/index.php?rest_route=\/wp\/v2\/types\/page"}],"author":[{"embeddable":true,"href":"https:\/\/catalinparva.ro\/index.php?rest_route=\/wp\/v2\/users\/1"}],"replies":[{"embeddable":true,"href":"https:\/\/catalinparva.ro\/index.php?rest_route=%2Fwp%2Fv2%2Fcomments&post=149"}],"version-history":[{"count":3,"href":"https:\/\/catalinparva.ro\/index.php?rest_route=\/wp\/v2\/pages\/149\/revisions"}],"predecessor-version":[{"id":153,"href":"https:\/\/catalinparva.ro\/index.php?rest_route=\/wp\/v2\/pages\/149\/revisions\/153"}],"wp:attachment":[{"href":"https:\/\/catalinparva.ro\/index.php?rest_route=%2Fwp%2Fv2%2Fmedia&parent=149"}],"curies":[{"name":"wp","href":"https:\/\/api.w.org\/{rel}","templated":true}]}}