{"id":9,"date":"2025-12-16T11:42:45","date_gmt":"2025-12-16T11:42:45","guid":{"rendered":"https:\/\/catalinparva.ro\/?page_id=9"},"modified":"2026-01-09T13:26:34","modified_gmt":"2026-01-09T13:26:34","slug":"acasa","status":"publish","type":"page","link":"https:\/\/catalinparva.ro\/?page_id=9","title":{"rendered":"contact"},"content":{"rendered":"<div class=\"wpb-content-wrapper\"><p>[vc_row gap=&#8221;30&#8243;][vc_column width=&#8221;1\/2&#8243;][vc_column_text css=&#8221;&#8221;]<\/p>\n<h2>PROGRAM\u0102RI<\/h2>\n<p>[\/vc_column_text][vc_separator color=&#8221;black&#8221; css=&#8221;&#8221;][vc_column_text css=&#8221;&#8221;]<\/p>\n<h4><a href=\"tel: +40720740898\"><strong>+40 720 740 898<\/strong><\/a><\/h4>\n<h4>contact@catalinparva.ro<\/h4>\n<p>[\/vc_column_text][vc_separator color=&#8221;black&#8221; css=&#8221;&#8221;][vc_column_text css=&#8221;&#8221;]<strong>Timi\u0219oara<\/strong><\/p>\n<p>Str. 1 Decembrie 1918 Nr. 8,<\/p>\n<p>Luni &#8211; Miercuri 09:00 &#8211; 17:00<br \/>\nVineri 10:00 &#8211; 16:00[\/vc_column_text][vc_separator color=&#8221;black&#8221; css=&#8221;&#8221;][vc_column_text css=&#8221;&#8221;]<strong>FAGET<\/strong><\/p>\n<p>Str. 1, Decembrie 1918 Nr. 1<\/p>\n<p>Joi 09:00 &#8211; 17:00[\/vc_column_text][vc_separator color=&#8221;black&#8221; css=&#8221;&#8221;][vc_column_text css=&#8221;&#8221;]\t\t\t<link rel=\"stylesheet\" id=\"basel-el-social-icons-css\" href=\"https:\/\/catalinparva.ro\/wp-content\/themes\/basel-4\/css\/parts\/el-social-icons.min.css?ver=5.9.1\" type=\"text\/css\" media=\"all\" \/> \t\t\t\n\t\t\t<ul class=\"social-icons text-center icons-design-default icons-size-default social-follow \">\n\t\t\t\t\t\t\t\t\t<li class=\"social-facebook\"><a rel=\"noopener noreferrer nofollow\" href=\"https:\/\/www.facebook.com\/drcatalinparva\" target=\"_blank\" class=\"\"><i class=\"fa fa-facebook\"><\/i><span class=\"basel-social-icon-name\">Facebook<\/span><\/a><\/li>\n\t\t\t\t\n\t\t\t\t\n\t\t\t\t\n\t\t\t\t\t\t\t\t\t<li class=\"social-instagram\"><a rel=\"noopener noreferrer nofollow\" href=\"https:\/\/www.instagram.com\/catalin.parva\/\" target=\"_blank\" class=\"\"><i class=\"fa fa-instagram\"><\/i><span class=\"basel-social-icon-name\">Instagram<\/span><\/a><\/li>\n\t\t\t\t\n\t\t\t\t\n\t\t\t\t\n\t\t\t\t\n\t\t\t\t\n\t\t\t\t\n\t\t\t\t\n\t\t\t\t\n\t\t\t\t\n\t\t\t\t\n\t\t\t\t\n\t\t\t\t\n\t\t\t\t\n\t\t\t\t\t\t\t\t\n\t\t\t\t\n\t\t\t\t\n\t\t\t\t\n\t\t\t\t\t\t\t<\/ul>\n\n\t\t[\/vc_column_text][\/vc_column][vc_column width=&#8221;1\/2&#8243;]\n<div class=\"wpcf7 no-js\" id=\"wpcf7-f7-o1\" lang=\"ro-RO\" dir=\"ltr\" data-wpcf7-id=\"7\">\n<div class=\"screen-reader-response\"><p role=\"status\" aria-live=\"polite\" aria-atomic=\"true\"><\/p> <ul><\/ul><\/div>\n<form action=\"\/index.php?rest_route=%2Fwp%2Fv2%2Fpages%2F9#wpcf7-f7-o1\" method=\"post\" class=\"wpcf7-form init\" aria-label=\"Formular de contact\" novalidate=\"novalidate\" data-status=\"init\">\n<fieldset class=\"hidden-fields-container\"><input type=\"hidden\" name=\"_wpcf7\" value=\"7\" \/><input type=\"hidden\" name=\"_wpcf7_version\" value=\"6.1.4\" \/><input type=\"hidden\" name=\"_wpcf7_locale\" value=\"ro_RO\" \/><input type=\"hidden\" name=\"_wpcf7_unit_tag\" value=\"wpcf7-f7-o1\" \/><input type=\"hidden\" name=\"_wpcf7_container_post\" value=\"0\" \/><input type=\"hidden\" name=\"_wpcf7_posted_data_hash\" value=\"\" \/>\n<\/fieldset>\n<p><label> Nume<br \/>\n<span class=\"wpcf7-form-control-wrap\" data-name=\"your-name\"><input size=\"40\" maxlength=\"400\" class=\"wpcf7-form-control wpcf7-text wpcf7-validates-as-required\" autocomplete=\"name\" aria-required=\"true\" aria-invalid=\"false\" value=\"\" type=\"text\" name=\"your-name\" \/><\/span> <\/label>\n<\/p>\n<p><label> Selecteaz\u0103 loca\u021bia<br \/>\n<span class=\"wpcf7-form-control-wrap\" data-name=\"select-147\"><select class=\"wpcf7-form-control wpcf7-select\" aria-invalid=\"false\" name=\"select-147\"><option value=\"Timi\u0219oara\">Timi\u0219oara<\/option><option value=\"F\u0103get\">F\u0103get<\/option><\/select><\/span> <\/label>\n<\/p>\n<p><label> Email<br \/>\n<span class=\"wpcf7-form-control-wrap\" data-name=\"your-email\"><input size=\"40\" maxlength=\"400\" class=\"wpcf7-form-control wpcf7-email wpcf7-validates-as-required wpcf7-text wpcf7-validates-as-email\" autocomplete=\"email\" aria-required=\"true\" aria-invalid=\"false\" value=\"\" type=\"email\" name=\"your-email\" \/><\/span> <\/label>\n<\/p>\n<p><label> Telefon<br \/>\n<span class=\"wpcf7-form-control-wrap\" data-name=\"tel-119\"><input size=\"40\" maxlength=\"400\" class=\"wpcf7-form-control wpcf7-tel wpcf7-validates-as-required wpcf7-text wpcf7-validates-as-tel\" aria-required=\"true\" aria-invalid=\"false\" value=\"Ex: 07x .xxx.xxx\" type=\"tel\" name=\"tel-119\" \/><\/span> <\/label>\n<\/p>\n<p><label> Mesaj<br \/>\n<span class=\"wpcf7-form-control-wrap\" data-name=\"your-message\"><textarea cols=\"40\" rows=\"10\" maxlength=\"2000\" class=\"wpcf7-form-control wpcf7-textarea\" aria-invalid=\"false\" name=\"your-message\"><\/textarea><\/span> <\/label>\n<\/p>\n<p><input class=\"wpcf7-form-control wpcf7-submit has-spinner\" type=\"submit\" value=\"Trimite programarea\" \/>\n<\/p><div class=\"wpcf7-response-output\" aria-hidden=\"true\"><\/div>\n<\/form>\n<\/div>\n[\/vc_column][\/vc_row]<\/p>\n<\/div>","protected":false},"excerpt":{"rendered":"<p>[vc_row gap=&#8221;30&#8243;][vc_column width=&#8221;1\/2&#8243;][vc_column_text css=&#8221;&#8221;] PROGRAM\u0102RI [\/vc_column_text][vc_separator color=&#8221;black&#8221; css=&#8221;&#8221;][vc_column_text css=&#8221;&#8221;] +40 720 740 898 contact@catalinparva.ro [\/vc_column_text][vc_separator color=&#8221;black&#8221; css=&#8221;&#8221;][vc_column_text css=&#8221;&#8221;]Timi\u0219oara Str. 1<\/p>\n","protected":false},"author":1,"featured_media":0,"parent":0,"menu_order":0,"comment_status":"closed","ping_status":"closed","template":"","meta":{"footnotes":""},"class_list":["post-9","page","type-page","status-publish","hentry"],"yoast_head":"<!-- This site is optimized with the Yoast SEO plugin v26.6 - https:\/\/yoast.com\/wordpress\/plugins\/seo\/ -->\n<title>Contact \u2013 Dr. C\u0103t\u0103lin P\u00e2rva | Medic stomatolog Timi\u0219oara<\/title>\n<meta name=\"description\" content=\"Contact Dr. C\u0103t\u0103lin P\u00e2rva, medic stomatolog Timi\u0219oara \u2013 program\u0103ri, consulta\u021bii \u0219i date de contact pentru cabinetele din Timi\u0219oara \u0219i F\u0103get.\" \/>\n<meta name=\"robots\" content=\"index, follow, max-snippet:-1, max-image-preview:large, max-video-preview:-1\" \/>\n<link rel=\"canonical\" href=\"https:\/\/catalinparva.ro\/?page_id=9\" \/>\n<meta property=\"og:locale\" content=\"ro_RO\" \/>\n<meta property=\"og:type\" content=\"article\" \/>\n<meta property=\"og:title\" content=\"Contact \u2013 Dr. C\u0103t\u0103lin P\u00e2rva | Medic stomatolog Timi\u0219oara\" \/>\n<meta property=\"og:description\" content=\"Contact Dr. C\u0103t\u0103lin P\u00e2rva, medic stomatolog Timi\u0219oara \u2013 program\u0103ri, consulta\u021bii \u0219i date de contact pentru cabinetele din Timi\u0219oara \u0219i F\u0103get.\" \/>\n<meta property=\"og:url\" content=\"https:\/\/catalinparva.ro\/?page_id=9\" \/>\n<meta property=\"og:site_name\" content=\"Dr. C\u0103t\u0103lin P\u00e2rva\" \/>\n<meta property=\"article:modified_time\" content=\"2026-01-09T13:26:34+00:00\" \/>\n<meta name=\"twitter:card\" content=\"summary_large_image\" \/>\n<meta name=\"twitter:label1\" content=\"Timp estimat pentru citire\" \/>\n\t<meta name=\"twitter:data1\" content=\"1 minut\" \/>\n<script type=\"application\/ld+json\" class=\"yoast-schema-graph\">{\"@context\":\"https:\/\/schema.org\",\"@graph\":[{\"@type\":\"WebPage\",\"@id\":\"https:\/\/catalinparva.ro\/?page_id=9\",\"url\":\"https:\/\/catalinparva.ro\/?page_id=9\",\"name\":\"Contact \u2013 Dr. C\u0103t\u0103lin P\u00e2rva | Medic stomatolog Timi\u0219oara\",\"isPartOf\":{\"@id\":\"https:\/\/catalinparva.ro\/#website\"},\"datePublished\":\"2025-12-16T11:42:45+00:00\",\"dateModified\":\"2026-01-09T13:26:34+00:00\",\"description\":\"Contact Dr. C\u0103t\u0103lin P\u00e2rva, medic stomatolog Timi\u0219oara \u2013 program\u0103ri, consulta\u021bii \u0219i date de contact pentru cabinetele din Timi\u0219oara \u0219i F\u0103get.\",\"breadcrumb\":{\"@id\":\"https:\/\/catalinparva.ro\/?page_id=9#breadcrumb\"},\"inLanguage\":\"ro-RO\",\"potentialAction\":[{\"@type\":\"ReadAction\",\"target\":[\"https:\/\/catalinparva.ro\/?page_id=9\"]}]},{\"@type\":\"BreadcrumbList\",\"@id\":\"https:\/\/catalinparva.ro\/?page_id=9#breadcrumb\",\"itemListElement\":[{\"@type\":\"ListItem\",\"position\":1,\"name\":\"Prima pagin\u0103\",\"item\":\"https:\/\/catalinparva.ro\/\"},{\"@type\":\"ListItem\",\"position\":2,\"name\":\"contact\"}]},{\"@type\":\"WebSite\",\"@id\":\"https:\/\/catalinparva.ro\/#website\",\"url\":\"https:\/\/catalinparva.ro\/\",\"name\":\"Dr. C\u0103t\u0103lin P\u00e2rva\",\"description\":\"Protetica\",\"publisher\":{\"@id\":\"https:\/\/catalinparva.ro\/#organization\"},\"potentialAction\":[{\"@type\":\"SearchAction\",\"target\":{\"@type\":\"EntryPoint\",\"urlTemplate\":\"https:\/\/catalinparva.ro\/?s={search_term_string}\"},\"query-input\":{\"@type\":\"PropertyValueSpecification\",\"valueRequired\":true,\"valueName\":\"search_term_string\"}}],\"inLanguage\":\"ro-RO\"},{\"@type\":\"Organization\",\"@id\":\"https:\/\/catalinparva.ro\/#organization\",\"name\":\"Dr. C\u0103t\u0103lin P\u00e2rva\",\"url\":\"https:\/\/catalinparva.ro\/\",\"logo\":{\"@type\":\"ImageObject\",\"inLanguage\":\"ro-RO\",\"@id\":\"https:\/\/catalinparva.ro\/#\/schema\/logo\/image\/\",\"url\":\"https:\/\/catalinparva.ro\/wp-content\/uploads\/2025\/12\/cropped-dr-catalin-parva.webp\",\"contentUrl\":\"https:\/\/catalinparva.ro\/wp-content\/uploads\/2025\/12\/cropped-dr-catalin-parva.webp\",\"width\":512,\"height\":512,\"caption\":\"Dr. C\u0103t\u0103lin P\u00e2rva\"},\"image\":{\"@id\":\"https:\/\/catalinparva.ro\/#\/schema\/logo\/image\/\"}}]}<\/script>\n<!-- \/ Yoast SEO plugin. -->","yoast_head_json":{"title":"Contact \u2013 Dr. C\u0103t\u0103lin P\u00e2rva | Medic stomatolog Timi\u0219oara","description":"Contact Dr. C\u0103t\u0103lin P\u00e2rva, medic stomatolog Timi\u0219oara \u2013 program\u0103ri, consulta\u021bii \u0219i date de contact pentru cabinetele din Timi\u0219oara \u0219i F\u0103get.","robots":{"index":"index","follow":"follow","max-snippet":"max-snippet:-1","max-image-preview":"max-image-preview:large","max-video-preview":"max-video-preview:-1"},"canonical":"https:\/\/catalinparva.ro\/?page_id=9","og_locale":"ro_RO","og_type":"article","og_title":"Contact \u2013 Dr. C\u0103t\u0103lin P\u00e2rva | Medic stomatolog Timi\u0219oara","og_description":"Contact Dr. C\u0103t\u0103lin P\u00e2rva, medic stomatolog Timi\u0219oara \u2013 program\u0103ri, consulta\u021bii \u0219i date de contact pentru cabinetele din Timi\u0219oara \u0219i F\u0103get.","og_url":"https:\/\/catalinparva.ro\/?page_id=9","og_site_name":"Dr. C\u0103t\u0103lin P\u00e2rva","article_modified_time":"2026-01-09T13:26:34+00:00","twitter_card":"summary_large_image","twitter_misc":{"Timp estimat pentru citire":"1 minut"},"schema":{"@context":"https:\/\/schema.org","@graph":[{"@type":"WebPage","@id":"https:\/\/catalinparva.ro\/?page_id=9","url":"https:\/\/catalinparva.ro\/?page_id=9","name":"Contact \u2013 Dr. C\u0103t\u0103lin P\u00e2rva | Medic stomatolog Timi\u0219oara","isPartOf":{"@id":"https:\/\/catalinparva.ro\/#website"},"datePublished":"2025-12-16T11:42:45+00:00","dateModified":"2026-01-09T13:26:34+00:00","description":"Contact Dr. C\u0103t\u0103lin P\u00e2rva, medic stomatolog Timi\u0219oara \u2013 program\u0103ri, consulta\u021bii \u0219i date de contact pentru cabinetele din Timi\u0219oara \u0219i F\u0103get.","breadcrumb":{"@id":"https:\/\/catalinparva.ro\/?page_id=9#breadcrumb"},"inLanguage":"ro-RO","potentialAction":[{"@type":"ReadAction","target":["https:\/\/catalinparva.ro\/?page_id=9"]}]},{"@type":"BreadcrumbList","@id":"https:\/\/catalinparva.ro\/?page_id=9#breadcrumb","itemListElement":[{"@type":"ListItem","position":1,"name":"Prima pagin\u0103","item":"https:\/\/catalinparva.ro\/"},{"@type":"ListItem","position":2,"name":"contact"}]},{"@type":"WebSite","@id":"https:\/\/catalinparva.ro\/#website","url":"https:\/\/catalinparva.ro\/","name":"Dr. C\u0103t\u0103lin P\u00e2rva","description":"Protetica","publisher":{"@id":"https:\/\/catalinparva.ro\/#organization"},"potentialAction":[{"@type":"SearchAction","target":{"@type":"EntryPoint","urlTemplate":"https:\/\/catalinparva.ro\/?s={search_term_string}"},"query-input":{"@type":"PropertyValueSpecification","valueRequired":true,"valueName":"search_term_string"}}],"inLanguage":"ro-RO"},{"@type":"Organization","@id":"https:\/\/catalinparva.ro\/#organization","name":"Dr. C\u0103t\u0103lin P\u00e2rva","url":"https:\/\/catalinparva.ro\/","logo":{"@type":"ImageObject","inLanguage":"ro-RO","@id":"https:\/\/catalinparva.ro\/#\/schema\/logo\/image\/","url":"https:\/\/catalinparva.ro\/wp-content\/uploads\/2025\/12\/cropped-dr-catalin-parva.webp","contentUrl":"https:\/\/catalinparva.ro\/wp-content\/uploads\/2025\/12\/cropped-dr-catalin-parva.webp","width":512,"height":512,"caption":"Dr. C\u0103t\u0103lin P\u00e2rva"},"image":{"@id":"https:\/\/catalinparva.ro\/#\/schema\/logo\/image\/"}}]}},"_links":{"self":[{"href":"https:\/\/catalinparva.ro\/index.php?rest_route=\/wp\/v2\/pages\/9","targetHints":{"allow":["GET"]}}],"collection":[{"href":"https:\/\/catalinparva.ro\/index.php?rest_route=\/wp\/v2\/pages"}],"about":[{"href":"https:\/\/catalinparva.ro\/index.php?rest_route=\/wp\/v2\/types\/page"}],"author":[{"embeddable":true,"href":"https:\/\/catalinparva.ro\/index.php?rest_route=\/wp\/v2\/users\/1"}],"replies":[{"embeddable":true,"href":"https:\/\/catalinparva.ro\/index.php?rest_route=%2Fwp%2Fv2%2Fcomments&post=9"}],"version-history":[{"count":13,"href":"https:\/\/catalinparva.ro\/index.php?rest_route=\/wp\/v2\/pages\/9\/revisions"}],"predecessor-version":[{"id":272,"href":"https:\/\/catalinparva.ro\/index.php?rest_route=\/wp\/v2\/pages\/9\/revisions\/272"}],"wp:attachment":[{"href":"https:\/\/catalinparva.ro\/index.php?rest_route=%2Fwp%2Fv2%2Fmedia&parent=9"}],"curies":[{"name":"wp","href":"https:\/\/api.w.org\/{rel}","templated":true}]}}